{"id":1243,"date":"2019-11-05T11:35:37","date_gmt":"2019-11-05T11:35:37","guid":{"rendered":"https:\/\/srbijaples.rs\/eng\/?page_id=1243"},"modified":"2026-02-17T16:11:29","modified_gmt":"2026-02-17T16:11:29","slug":"instructors","status":"publish","type":"page","link":"https:\/\/srbijaples.rs\/eng\/instructors\/","title":{"rendered":"Treneri"},"content":{"rendered":"<div class=\"fusion-fullwidth fullwidth-box nonhundred-percent-fullwidth non-hundred-percent-height-scrolling\"  style='background-color: rgba(255,255,255,0);background-position: center center;background-repeat: no-repeat;padding-top:0px;padding-right:0px;padding-bottom:0px;padding-left:0px;'><div class=\"fusion-builder-row fusion-row \"><div  class=\"fusion-layout-column fusion_builder_column fusion_builder_column_1_1 fusion-builder-column-1 fusion-one-full fusion-column-first fusion-column-last 1_1\"  style='margin-top:20px;margin-bottom:20px;'>\n\t\t\t\t\t<div class=\"fusion-column-wrapper\" style=\"padding: 0px 0px 0px 0px;background-position:left top;background-repeat:no-repeat;-webkit-background-size:cover;-moz-background-size:cover;-o-background-size:cover;background-size:cover;\"   data-bg-url=\"\">\n\t\t\t\t\t\t<div class=\"fusion-text\"><p><h2 id=\"tablepress-39-name\" class=\"tablepress-table-name tablepress-table-name-id-39\">OSNOVNA DOZVOLA ZA RAD<\/h2>\n\n<table id=\"tablepress-39\" class=\"tablepress tablepress-id-39\" aria-labelledby=\"tablepress-39-name\">\n<thead>\n<tr class=\"row-1\">\n\t<td class=\"column-1\"><\/td><th class=\"column-2\">Ime prezime<\/th><th class=\"column-3\">broj dozvole<\/th><th class=\"column-4\">datum izdavanja<\/th><th class=\"column-5\">va\u017enost<\/th>\n<\/tr>\n<\/thead>\n<tbody class=\"row-striping row-hover\">\n<tr class=\"row-2\">\n\t<td class=\"column-1\"><\/td><td class=\"column-2\">Bojan Markovi\u0107<\/td><td class=\"column-3\">16\/2024<\/td><td class=\"column-4\">15.07.2024.<\/td><td class=\"column-5\">15.07.2027.<\/td>\n<\/tr>\n<tr class=\"row-3\">\n\t<td class=\"column-1\"><\/td><td class=\"column-2\">Miodrag Mi\u0107i\u0107<\/td><td class=\"column-3\">15\/2024<\/td><td class=\"column-4\">15.07.2024.<\/td><td class=\"column-5\">15.07.2027.<\/td>\n<\/tr>\n<tr class=\"row-4\">\n\t<td class=\"column-1\"><\/td><td class=\"column-2\">Nenad Jefti\u0107<\/td><td class=\"column-3\">17\/2024<\/td><td class=\"column-4\">15.07.2024.<\/td><td class=\"column-5\">15.07.2027.<\/td>\n<\/tr>\n<tr class=\"row-5\">\n\t<td class=\"column-1\"><\/td><td class=\"column-2\">Mihajlo \u017divanovi\u0107<\/td><td class=\"column-3\">02\/2025<\/td><td class=\"column-4\">04.03.2025.<\/td><td class=\"column-5\">04.03.2028.<\/td>\n<\/tr>\n<tr class=\"row-6\">\n\t<td class=\"column-1\"><\/td><td class=\"column-2\">Dragan Radovanovi\u0107<\/td><td class=\"column-3\">20\/2024<\/td><td class=\"column-4\">15.07.2024.<\/td><td class=\"column-5\">15.07.2027.<\/td>\n<\/tr>\n<tr class=\"row-7\">\n\t<td class=\"column-1\"><\/td><td class=\"column-2\">Branislava Radovanovi\u0107<\/td><td class=\"column-3\">12\/2024<\/td><td class=\"column-4\">15.07.2024.<\/td><td class=\"column-5\">15.07.2027.<\/td>\n<\/tr>\n<tr class=\"row-8\">\n\t<td class=\"column-1\"><\/td><td class=\"column-2\">Predrag Mi\u0107i\u0107<\/td><td class=\"column-3\">14\/2024<\/td><td class=\"column-4\">15.07.2024.<\/td><td class=\"column-5\">15.07.2027.<\/td>\n<\/tr>\n<tr class=\"row-9\">\n\t<td class=\"column-1\"><\/td><td class=\"column-2\">Ana Todorovi\u0107<\/td><td class=\"column-3\">19\/2024<\/td><td class=\"column-4\">15.07.2024.<\/td><td class=\"column-5\">15.07.2027.<\/td>\n<\/tr>\n<tr class=\"row-10\">\n\t<td class=\"column-1\"><\/td><td class=\"column-2\">Dragan Ran\u010dev<\/td><td class=\"column-3\">18\/2024<\/td><td class=\"column-4\">15.07.2024.<\/td><td class=\"column-5\">15.07.2027.<\/td>\n<\/tr>\n<tr class=\"row-11\">\n\t<td class=\"column-1\"><\/td><td class=\"column-2\">Jovana Petrovi\u0107<\/td><td class=\"column-3\">13\/2024<\/td><td class=\"column-4\">15.07.2024.<\/td><td class=\"column-5\">15.07.2027.<\/td>\n<\/tr>\n<tr class=\"row-12\">\n\t<td class=\"column-1\"><\/td><td class=\"column-2\">Ivan Kne\u017eevi\u0107<\/td><td class=\"column-3\">77\/2021<\/td><td class=\"column-4\">26.10.2021.<\/td><td class=\"column-5\">26.10.2024.<\/td>\n<\/tr>\n<tr class=\"row-13\">\n\t<td class=\"column-1\"><\/td><td class=\"column-2\">Sandra Paunovski<\/td><td class=\"column-3\">34\/2024<\/td><td class=\"column-4\">11.11.2024.<\/td><td class=\"column-5\">11.11.2027.<\/td>\n<\/tr>\n<tr class=\"row-14\">\n\t<td class=\"column-1\"><\/td><td class=\"column-2\">Miodrag Savi\u0107<\/td><td class=\"column-3\">35\/2024<\/td><td class=\"column-4\">11.11.2024.<\/td><td class=\"column-5\">11.11.2027.<\/td>\n<\/tr>\n<tr class=\"row-15\">\n\t<td class=\"column-1\"><\/td><td class=\"column-2\">Milan Nikoli\u0107<\/td><td class=\"column-3\">36\/2024<\/td><td class=\"column-4\">11.11.2024.<\/td><td class=\"column-5\">11.11.2027.<\/td>\n<\/tr>\n<tr class=\"row-16\">\n\t<td class=\"column-1\"><\/td><td class=\"column-2\">Tijana Jotov<\/td><td class=\"column-3\">09\/2022<\/td><td class=\"column-4\">14.09.2022.<\/td><td class=\"column-5\">14.09.2025.<\/td>\n<\/tr>\n<tr class=\"row-17\">\n\t<td class=\"column-1\"><\/td><td class=\"column-2\">Ana Dedovi\u0107<\/td><td class=\"column-3\">10\/2022<\/td><td class=\"column-4\">14.09.2022.<\/td><td class=\"column-5\">14.09.2025.<\/td>\n<\/tr>\n<tr class=\"row-18\">\n\t<td class=\"column-1\"><\/td><td class=\"column-2\">Sonja Mladenovi\u0107<\/td><td class=\"column-3\">02\/2023<\/td><td class=\"column-4\">03.03.2023.<\/td><td class=\"column-5\">03.03.2026.<\/td>\n<\/tr>\n<tr class=\"row-19\">\n\t<td class=\"column-1\"><\/td><td class=\"column-2\">Dragana Miri\u0107<\/td><td class=\"column-3\">48\/2023<\/td><td class=\"column-4\">07.11.2023.<\/td><td class=\"column-5\">07.11.2026.<\/td>\n<\/tr>\n<tr class=\"row-20\">\n\t<td class=\"column-1\"><\/td><td class=\"column-2\">Tanja Vlaisavljevi\u0107<\/td><td class=\"column-3\">49\/2023<\/td><td class=\"column-4\">07.11.2023.<\/td><td class=\"column-5\">07.11.2026.<\/td>\n<\/tr>\n<\/tbody>\n<\/table>\n<!-- #tablepress-39 from cache -->\n<h2 id=\"tablepress-40-name\" class=\"tablepress-table-name tablepress-table-name-id-40\">PROFI DOZVOLA ZA RAD<\/h2>\n\n<table id=\"tablepress-40\" class=\"tablepress tablepress-id-40\" aria-labelledby=\"tablepress-40-name\">\n<thead>\n<tr class=\"row-1\">\n\t<td class=\"column-1\"><\/td><th class=\"column-2\">Ime prezime<\/th><th class=\"column-3\">broj dozvole<\/th><th class=\"column-4\">datum izdavanja<\/th><th class=\"column-5\">va\u017enost<\/th>\n<\/tr>\n<\/thead>\n<tbody class=\"row-striping row-hover\">\n<tr class=\"row-2\">\n\t<td class=\"column-1\"><\/td><td class=\"column-2\">Marija Lazarevi\u0107<\/td><td class=\"column-3\">21\/2024<\/td><td class=\"column-4\">15.07.2024.<\/td><td class=\"column-5\">15.07.2027.<\/td>\n<\/tr>\n<tr class=\"row-3\">\n\t<td class=\"column-1\"><\/td><td class=\"column-2\">Valentina Simonovi\u0107<\/td><td class=\"column-3\">37\/2024<\/td><td class=\"column-4\">11.11.2024.<\/td><td class=\"column-5\">11.11.2027.<\/td>\n<\/tr>\n<tr class=\"row-4\">\n\t<td class=\"column-1\"><\/td><td class=\"column-2\">Dubravka Demi\u0107 Jovanovi\u0107<\/td><td class=\"column-3\">40\/2025<\/td><td class=\"column-4\">24.03.2025.<\/td><td class=\"column-5\">24.03.2028.<\/td>\n<\/tr>\n<tr class=\"row-5\">\n\t<td class=\"column-1\"><\/td><td class=\"column-2\">Nikoleta Vidakovi\u0107<\/td><td class=\"column-3\">25\/2024<\/td><td class=\"column-4\">15.07.2024.<\/td><td class=\"column-5\">15.07.2027.<\/td>\n<\/tr>\n<tr class=\"row-6\">\n\t<td class=\"column-1\"><\/td><td class=\"column-2\">Antal Gece<\/td><td class=\"column-3\">25\/2024<\/td><td class=\"column-4\">15.07.2024.<\/td><td class=\"column-5\">15.07.2027.<\/td>\n<\/tr>\n<tr class=\"row-7\">\n\t<td class=\"column-1\"><\/td><td class=\"column-2\">Nada Jontovi\u0107 Vu\u010dkovi\u0107<\/td><td class=\"column-3\">13\/2022<\/td><td class=\"column-4\">17.11.2022.<\/td><td class=\"column-5\">17.11.2025.<\/td>\n<\/tr>\n<tr class=\"row-8\">\n\t<td class=\"column-1\"><\/td><td class=\"column-2\">Jelena Bugar\u010di\u0107<\/td><td class=\"column-3\">22\/2024<\/td><td class=\"column-4\">15.07.2024.<\/td><td class=\"column-5\">15.07.2027.<\/td>\n<\/tr>\n<tr class=\"row-9\">\n\t<td class=\"column-1\"><\/td><td class=\"column-2\">Danica Ili\u0107<\/td><td class=\"column-3\">07\/2022<\/td><td class=\"column-4\">14.06.2022.<\/td><td class=\"column-5\">14.06.2025.<\/td>\n<\/tr>\n<tr class=\"row-10\">\n\t<td class=\"column-1\"><\/td><td class=\"column-2\">Ivan Mileusnic<\/td><td class=\"column-3\">10\/2024<\/td><td class=\"column-4\">15.07.2024.<\/td><td class=\"column-5\">15.07.2027.<\/td>\n<\/tr>\n<tr class=\"row-11\">\n\t<td class=\"column-1\"><\/td><td class=\"column-2\">Jasna \u0110uri\u010dkovi\u0107<\/td><td class=\"column-3\">07\/2024<\/td><td class=\"column-4\">15.07.2024.<\/td><td class=\"column-5\">15.07.2027.<\/td>\n<\/tr>\n<tr class=\"row-12\">\n\t<td class=\"column-1\"><\/td><td class=\"column-2\">Jovana Klaji\u0107<\/td><td class=\"column-3\">09\/2024<\/td><td class=\"column-4\">15.07.2024.<\/td><td class=\"column-5\">15.07.2027.<\/td>\n<\/tr>\n<\/tbody>\n<\/table>\n<!-- #tablepress-40 from cache -->\n<h2 id=\"tablepress-41-name\" class=\"tablepress-table-name tablepress-table-name-id-41\">MASTER DOZVOLA ZA RAD<\/h2>\n\n<table id=\"tablepress-41\" class=\"tablepress tablepress-id-41\" aria-labelledby=\"tablepress-41-name\">\n<thead>\n<tr class=\"row-1\">\n\t<td class=\"column-1\"><\/td><th class=\"column-2\">Ima prezime<\/th><th class=\"column-3\">broj dozvole<\/th><th class=\"column-4\">datum izdavanje<\/th><th class=\"column-5\">va\u017enosti<\/th>\n<\/tr>\n<\/thead>\n<tbody class=\"row-striping row-hover\">\n<tr class=\"row-2\">\n\t<td class=\"column-1\"><\/td><td class=\"column-2\">Radoslava Vje\u0161tica <\/td><td class=\"column-3\">28\/2024<\/td><td class=\"column-4\">15.07.2024.<\/td><td class=\"column-5\">15.07.2027.<\/td>\n<\/tr>\n<tr class=\"row-3\">\n\t<td class=\"column-1\"><\/td><td class=\"column-2\">Jelena Alempijevi\u0107<\/td><td class=\"column-3\">29\/2024<\/td><td class=\"column-4\">15.07.2024.<\/td><td class=\"column-5\">15.07.2027.<\/td>\n<\/tr>\n<tr class=\"row-4\">\n\t<td class=\"column-1\"><\/td><td class=\"column-2\">Sla\u0111ana Ivani\u0161evi\u0107<\/td><td class=\"column-3\">31\/2024<\/td><td class=\"column-4\">15.07.2024.<\/td><td class=\"column-5\">15.07.2027.<\/td>\n<\/tr>\n<tr class=\"row-5\">\n\t<td class=\"column-1\"><\/td><td class=\"column-2\">Irena Arbajter Jankovi\u0107<\/td><td class=\"column-3\">33\/2024<\/td><td class=\"column-4\">15.07.2024.<\/td><td class=\"column-5\">15.07.2027.<\/td>\n<\/tr>\n<tr class=\"row-6\">\n\t<td class=\"column-1\"><\/td><td class=\"column-2\">Dragana Labudovi\u0107<\/td><td class=\"column-3\">32\/2024<\/td><td class=\"column-4\">15.07.2024.<\/td><td class=\"column-5\">15.07.2027.<\/td>\n<\/tr>\n<tr class=\"row-7\">\n\t<td class=\"column-1\"><\/td><td class=\"column-2\">An\u0111ela Pavkov Avramovi\u0107<\/td><td class=\"column-3\">27\/2024<\/td><td class=\"column-4\">15.07.2024.<\/td><td class=\"column-5\">15.07.2027.<\/td>\n<\/tr>\n<tr class=\"row-8\">\n\t<td class=\"column-1\"><\/td><td class=\"column-2\">Marija Prelevi\u0107<\/td><td class=\"column-3\">26\/2024<\/td><td class=\"column-4\">15.07.2024.<\/td><td class=\"column-5\">15.07.2027.<\/td>\n<\/tr>\n<tr class=\"row-9\">\n\t<td class=\"column-1\"><\/td><td class=\"column-2\">Predrag Stojkovi\u0107<\/td><td class=\"column-3\">30\/2024<\/td><td class=\"column-4\">15.07.2024.<\/td><td class=\"column-5\">15.07.2027.<\/td>\n<\/tr>\n<tr class=\"row-10\">\n\t<td class=\"column-1\"><\/td><td class=\"column-2\">\u0110or\u0111e Mani\u0107<\/td><td class=\"column-3\">01\/2022<\/td><td class=\"column-4\">24.01.2022.<\/td><td class=\"column-5\">24.01.2025.<\/td>\n<\/tr>\n<tr class=\"row-11\">\n\t<td class=\"column-1\"><\/td><td class=\"column-2\">Evelin Bosan\u010di\u0107<\/td><td class=\"column-3\">41\/2025<\/td><td class=\"column-4\">24.03.2025.<\/td><td class=\"column-5\">24.03.2028.<\/td>\n<\/tr>\n<tr class=\"row-12\">\n\t<td class=\"column-1\"><\/td><td class=\"column-2\">Jelena Aleksi\u0107<\/td><td class=\"column-3\">03\/2022<\/td><td class=\"column-4\">24.01.2022.<\/td><td class=\"column-5\">24.01.2025.<\/td>\n<\/tr>\n<tr class=\"row-13\">\n\t<td class=\"column-1\"><\/td><td class=\"column-2\">Daniel Romanovi\u0107<\/td><td class=\"column-3\">08\/2022<\/td><td class=\"column-4\">14.09.2022.<\/td><td class=\"column-5\">14.09.2025.<\/td>\n<\/tr>\n<tr class=\"row-14\">\n\t<td class=\"column-1\"><\/td><td class=\"column-2\">Aleka Vujatovi\u0107<\/td><td class=\"column-3\">12\/2022<\/td><td class=\"column-4\">17.11.2022.<\/td><td class=\"column-5\">17.11.2025.<\/td>\n<\/tr>\n<tr class=\"row-15\">\n\t<td class=\"column-1\"><\/td><td class=\"column-2\">Pavle Pavlovi\u0107<\/td><td class=\"column-3\">01\/2023<\/td><td class=\"column-4\">03.03.2023.<\/td><td class=\"column-5\">03.03.2026.<\/td>\n<\/tr>\n<tr class=\"row-16\">\n\t<td class=\"column-1\"><\/td><td class=\"column-2\">Goran Ili\u0107<\/td><td class=\"column-3\">05\/2024<\/td><td class=\"column-4\">15.07.2024.<\/td><td class=\"column-5\">15.07.2027.<\/td>\n<\/tr>\n<tr class=\"row-17\">\n\t<td class=\"column-1\"><\/td><td class=\"column-2\">Mi\u0161el Mun\u0107an<\/td><td class=\"column-3\">06\/2024<\/td><td class=\"column-4\">15.07.2024.<\/td><td class=\"column-5\">15.07.2027.<\/td>\n<\/tr>\n<tr class=\"row-18\">\n\t<td class=\"column-1\"><\/td><td class=\"column-2\">Milo\u0161 Kljaji\u0107<\/td><td class=\"column-3\">11\/2024<\/td><td class=\"column-4\">15.07.2024.<\/td><td class=\"column-5\">15.07.2027.<\/td>\n<\/tr>\n<\/tbody>\n<\/table>\n<!-- #tablepress-41 from cache --><\/p>\n<\/div><div class=\"fusion-clearfix\"><\/div>\n\n\t\t\t\t\t<\/div>\n\t\t\t\t<\/div><\/div><\/div>\n<p>&nbsp;<\/p>\n<div class=\"fusion-fullwidth fullwidth-box nonhundred-percent-fullwidth non-hundred-percent-height-scrolling\"  style='background-color: rgba(255,255,255,0);background-position: center center;background-repeat: no-repeat;padding-top:0px;padding-right:0px;padding-bottom:0px;padding-left:0px;'><div class=\"fusion-builder-row fusion-row \"><\/div><\/div>\n","protected":false},"excerpt":{"rendered":"<p>&nbsp;<\/p>\n","protected":false},"author":1,"featured_media":0,"parent":0,"menu_order":0,"comment_status":"closed","ping_status":"closed","template":"","meta":{"footnotes":""},"class_list":["post-1243","page","type-page","status-publish","hentry"],"_links":{"self":[{"href":"https:\/\/srbijaples.rs\/eng\/wp-json\/wp\/v2\/pages\/1243","targetHints":{"allow":["GET"]}}],"collection":[{"href":"https:\/\/srbijaples.rs\/eng\/wp-json\/wp\/v2\/pages"}],"about":[{"href":"https:\/\/srbijaples.rs\/eng\/wp-json\/wp\/v2\/types\/page"}],"author":[{"embeddable":true,"href":"https:\/\/srbijaples.rs\/eng\/wp-json\/wp\/v2\/users\/1"}],"replies":[{"embeddable":true,"href":"https:\/\/srbijaples.rs\/eng\/wp-json\/wp\/v2\/comments?post=1243"}],"version-history":[{"count":5,"href":"https:\/\/srbijaples.rs\/eng\/wp-json\/wp\/v2\/pages\/1243\/revisions"}],"predecessor-version":[{"id":2063,"href":"https:\/\/srbijaples.rs\/eng\/wp-json\/wp\/v2\/pages\/1243\/revisions\/2063"}],"wp:attachment":[{"href":"https:\/\/srbijaples.rs\/eng\/wp-json\/wp\/v2\/media?parent=1243"}],"curies":[{"name":"wp","href":"https:\/\/api.w.org\/{rel}","templated":true}]}}