{"id":1300,"date":"2019-11-05T14:57:57","date_gmt":"2019-11-05T14:57:57","guid":{"rendered":"https:\/\/srbijaples.rs\/eng\/?page_id=1300"},"modified":"2023-04-10T15:30:28","modified_gmt":"2023-04-10T15:30:28","slug":"public-procurement","status":"publish","type":"page","link":"https:\/\/srbijaples.rs\/eng\/public-procurement\/","title":{"rendered":"Public procurement"},"content":{"rendered":"<p><div class=\"fusion-fullwidth fullwidth-box nonhundred-percent-fullwidth non-hundred-percent-height-scrolling\"  style='background-color: rgba(255,255,255,0);background-position: center center;background-repeat: no-repeat;padding-top:0px;padding-right:0px;padding-bottom:0px;padding-left:0px;'><div class=\"fusion-builder-row fusion-row \"><div  class=\"fusion-layout-column fusion_builder_column fusion_builder_column_1_1 fusion-builder-column-1 fusion-one-full fusion-column-first fusion-column-last 1_1\"  style='margin-top:20px;margin-bottom:20px;'>\n\t\t\t\t\t<div class=\"fusion-column-wrapper\" style=\"padding: 0px 0px 0px 0px;background-position:left top;background-repeat:no-repeat;-webkit-background-size:cover;-moz-background-size:cover;-o-background-size:cover;background-size:cover;\"   data-bg-url=\"\">\n\t\t\t\t\t\t<div class=\"fusion-text\"><h4 style=\"text-align: center;\">Sme\u0161taj sportista i zvani\u010dnika takmi\u010denja<br \/>\nkoja su u organizaciji Plesnog saveza Srbije<\/h4>\n<\/div><div class=\"fusion-clearfix\"><\/div>\n\n\t\t\t\t\t<\/div>\n\t\t\t\t<\/div><div  class=\"fusion-layout-column fusion_builder_column fusion_builder_column_1_2 fusion-builder-column-2 fusion-one-half fusion-column-first 1_2\"  style='margin-top:20px;margin-bottom:20px;width:50%;width:calc(50% - ( ( 4% ) * 0.5 ) );margin-right: 4%;'>\n\t\t\t\t\t<div class=\"fusion-column-wrapper\" style=\"padding: 0px 0px 0px 0px;background-position:left top;background-repeat:no-repeat;-webkit-background-size:cover;-moz-background-size:cover;-o-background-size:cover;background-size:cover;\"   data-bg-url=\"\">\n\t\t\t\t\t\t<div class=\"fusion-text\"><p><strong>Plan javnih nabavki 2023<br \/>\n<\/strong><a href=\"https:\/\/srbijaples.rs\/eng\/wp-content\/uploads\/2023\/04\/Plan-javnih-nabavki-za-2023.-godinu.xlsx\">Javne nabavke 2023<\/a><\/p>\n<p>&nbsp;<\/p>\n<p><strong>Plan javnih nabavki 2022<br \/>\n<\/strong><a href=\"https:\/\/srbijaples.rs\/wp-content\/uploads\/2022\/05\/Plan-javnih-nabavki-za-2022.-godinu.xlsx\">Javne nabavke 2022<\/a><\/p>\n<p>&nbsp;<\/p>\n<p><strong>Plan javnih nabavki 2021<br \/>\n<\/strong><a href=\"https:\/\/srbijaples.rs\/wp-content\/uploads\/2021\/06\/Plan-javnih-nabavki-2021.xlsx\">Javne nabavke 2021<\/a><\/p>\n<p><strong>JNMV 1\/2020-47<br \/>\n<\/strong>Sme\u0161taj, ishrana i trena\u017eni uslovi za pripreme sportista u Kanji\u017ei<br \/>\nOtvaranje 01.07.2020. godine u 10:00 \u010dasova<br \/>\n<a href=\"https:\/\/srbijaples.rs\/eng\/wp-content\/uploads\/2020\/09\/Konkursna-dokumentacija.doc\">Konkursna dokumentacija<\/a><br \/>\n<a href=\"https:\/\/srbijaples.rs\/eng\/wp-content\/uploads\/2020\/09\/Poziv-za-podnosenje-ponuda-1.doc\">Poziv za podno\u0161enje ponuda<\/a><br \/>\n<a href=\"https:\/\/srbijaples.rs\/eng\/wp-content\/uploads\/2020\/09\/Odluka-o-dodeli-ugovora-jn-2020-1.pdf\">Odluka o dodeli ugovora<\/a><br \/>\n<a href=\"https:\/\/srbijaples.rs\/eng\/wp-content\/uploads\/2020\/09\/Obavestenje-o-Zakljucenom-Ugovoru.pdf\">Obave\u0161tenje o zaklju\u010denom ugovor<\/a><strong><a href=\"http:\/\/www.ples.co.rs\/Jnabavke\/2019\/Obavestenje%20o%20Zakljucenom%20Ugovoru.pdf\">u<\/a><\/strong><\/p>\n<p><strong>JNMV 1\/2019-78<\/strong><br \/>\nSme\u0161taj, ishrana i trena\u017eni uslovi za pripreme sportista u Kanji\u017ei<br \/>\nOtvaranje 28.06.2019. godine u 11:00 \u010dasova<br \/>\n<a href=\"http:\/\/www.ples.co.rs\/Jnabavke\/2019\/KD.doc\">Konkursna dokumentacija<\/a><br \/>\n<a href=\"http:\/\/www.ples.co.rs\/Jnabavke\/2019\/Poziv%20za%20podnosenje%20ponuda.doc\">Poziv za podno\u0161enje ponuda<\/a><br \/>\n<a href=\"http:\/\/www.ples.co.rs\/Jnabavke\/2019\/Odluka%20o%20dodeli%20ugovora%20JN%202019.pdf\">Odluka o dodeli ugovora<\/a><br \/>\n<a href=\"http:\/\/www.ples.co.rs\/Jnabavke\/2019\/Obavestenje%20o%20Zakljucenom%20Ugovoru.pdf\">Obave\u0161tenje o zaklju\u010denom ugovoru<\/a><\/p>\n<p><strong>JNMV 1\/2018-80<br \/>\n<\/strong>Sme\u0161taj, ishrana i trena\u017eni uslovi za pripreme sportista u Kanji\u017ei<br \/>\nOtvaranje 14.06.2018. godine u 11:00 \u010dasova<br \/>\n<a href=\"http:\/\/www.ples.co.rs\/Jnabavke\/2018\/KD1.doc\">Konkursna dokumentacija<\/a><br \/>\n<a href=\"http:\/\/www.ples.co.rs\/Jnabavke\/2018\/Poziv%20za%20podnosenje%20ponuda1.doc\">Poziv za podno\u0161enje ponuda<\/a><br \/>\n<a href=\"http:\/\/www.ples.co.rs\/Jnabavke\/2018\/Odluka_KD1.pdf\">Odluka o dodeli ugovora<\/a><br \/>\n<a href=\"http:\/\/www.ples.co.rs\/Jnabavke\/2018\/Obavestenje_KD1.pdf\">Obave\u0161tenje o zaklju\u010denom ugovoru<\/a><\/p>\n<p><strong>JNMV 1\/2017-76<br \/>\n<\/strong>Sme\u0161taj, ishrana i trena\u017eni uslovi za pripreme sportista u Kanji\u017ei<br \/>\nOtvaranje 27.06.2017. godine u 11:15 \u010dasova<br \/>\n<a href=\"http:\/\/www.ples.co.rs\/Jnabavke\/2017\/KD.doc\">Konkursna dokumentacija<\/a><br \/>\n<a href=\"http:\/\/www.ples.co.rs\/Jnabavke\/2017\/Poziv%20za%20podnosenje%20ponuda.doc\">Poziv za podno\u0161enje ponuda<\/a><br \/>\n<a href=\"http:\/\/www.ples.co.rs\/Jnabavke\/2017\/Odluka%20JN.pdf\">Odluka o dodeli ugovora<\/a><br \/>\n<a href=\"http:\/\/www.ples.co.rs\/Jnabavke\/2017\/Obavestenje_o_zaklucenom_ugovoru_01.pdf\">Obave\u0161tenje o zaklju\u010denom ugovoru<\/a><\/p>\n<p><strong>JNMV 2\/2016-100<br \/>\n<\/strong>Sme\u0161taj sportista i zvani\u010dnika takmi\u010denja WDSF International Beodance Open 2016<br \/>\nOtvaranje 12.09.2016. godine u 12:15 \u010dasova<br \/>\n<a href=\"http:\/\/www.ples.co.rs\/Jnabavke\/2016\/KD_02.doc\">Konkursna dokumentacije<\/a><br \/>\n<a href=\"http:\/\/www.ples.co.rs\/Jnabavke\/2016\/Poziv%20za%20podnosenje%20ponuda_02.doc\">Poziv za podno\u0161enej ponuda<\/a><br \/>\n<a href=\"http:\/\/www.ples.co.rs\/Jnabavke\/2016\/Odluka%20o%20dodeli%20ugovora,%20JNMB%202%202016-100.pdf\">Odluka o dodeli ugovora<br \/>\n<\/a><a href=\"http:\/\/www.ples.co.rs\/Jnabavke\/2016\/Obavestenje%20o%20Zakljucenom%20Ugovoru_02.pdf\">Obave\u0161tenje o zaklju\u010denom ugovoru<\/a><\/p>\n<p><strong>JNMV 1\/2016-88<br \/>\n<\/strong>Sme\u0161taj, ishrana i trena\u017eni uslovi za pripreme sportista u Kanji\u017ei<br \/>\n<a href=\"http:\/\/www.ples.co.rs\/Jnabavke\/2016\/Konkursna%20dokumentacija.doc\">Konkursna dokumentacija<\/a><br \/>\n<a href=\"http:\/\/www.ples.co.rs\/Jnabavke\/2016\/Poziv%20za%20podnosenje%20ponuda.doc\">Poziv za podno\u0161enje ponuda<\/a><br \/>\n<a href=\"http:\/\/www.ples.co.rs\/Jnabavke\/2016\/Odluka%20o%20dodeli%20ugovora.pdf\">Odluka o dodeli ugovora<br \/>\n<\/a><a href=\"http:\/\/www.ples.co.rs\/Jnabavke\/2016\/Obavestenje%20o%20Zakljucenom%20Ugovoru.pdf\">Obave\u0161tenje o zaklju\u010denom ugovoru<\/a><\/p>\n<\/div><div class=\"fusion-clearfix\"><\/div>\n\n\t\t\t\t\t<\/div>\n\t\t\t\t<\/div><div  class=\"fusion-layout-column fusion_builder_column fusion_builder_column_1_2 fusion-builder-column-3 fusion-one-half fusion-column-last 1_2\"  style='margin-top:20px;margin-bottom:20px;width:50%;width:calc(50% - ( ( 4% ) * 0.5 ) );'>\n\t\t\t\t\t<div class=\"fusion-column-wrapper\" style=\"padding: 0px 0px 0px 0px;background-position:left top;background-repeat:no-repeat;-webkit-background-size:cover;-moz-background-size:cover;-o-background-size:cover;background-size:cover;\"   data-bg-url=\"\">\n\t\t\t\t\t\t<div class=\"fusion-text\"><p><strong>JNMV 2\/2015-110<br \/>\n<\/strong>Sme\u0161taj, ishrana i trena\u017eni uslovi za pripreme sportista u Kanji\u017ei<br \/>\n<a href=\"http:\/\/www.ples.co.rs\/Jnabavke\/2015\/plesni%20savez%20kamp.doc\">Konkursna dokumentacija<\/a><br \/>\n<a href=\"http:\/\/www.ples.co.rs\/Jnabavke\/2015\/Poziv%20za%20podnosenje%20ponuda%20kamp.doc\">Poziv za podno\u0161enje ponuda<\/a><br \/>\n<a href=\"http:\/\/www.ples.co.rs\/Jnabavke\/2015\/150611_Obavestenje%20o%20Zakljucenom%20Ugovoru.pdf\">Obave\u0161tenje o zaklju\u010denom ugovoru<\/a><\/p>\n<p><strong>JNMV 1\/2015-01<br \/>\n<\/strong>Sme\u0161taj sportista i zvani\u010dnika takmi\u010denja<br \/>\nkoja se odr\u017eavaju u Beogradu u organizaciji Plesnog saveza Srbije<br \/>\n<a href=\"http:\/\/www.ples.co.rs\/Jnabavke\/2015\/KD.doc\">Konkursna dokumentacija<\/a><br \/>\n<a href=\"http:\/\/www.ples.co.rs\/Jnabavke\/2015\/Poziv%20za%20podnosenje%20ponuda.doc\">Poziv za podno\u0161enje ponuda<\/a><br \/>\n<a href=\"http:\/\/www.ples.co.rs\/Jnabavke\/2015\/Obavestenje%20o%20Zakljucenom%20Ugovoru.pdf\">Obave\u0161tenje o zaklju\u010denom ugovoru<\/a><\/p>\n<p><strong>JNMV 2\/2014-144<br \/>\n<\/strong>Sme\u0161taj, ishrana i trena\u017eni uslovi za pripreme sportista u Kanji\u017ei<br \/>\n<a href=\"http:\/\/www.ples.co.rs\/Jnabavke\/2014\/140611_plesni%20savez%20%20kamp.doc\">Konkursna dokumentacija<\/a><br \/>\n<a href=\"http:\/\/www.ples.co.rs\/Jnabavke\/2014\/140611_Poziv%20za%20podnosenje%20ponuda.doc\">Poziv za podno\u0161enje ponuda<\/a><br \/>\n<a href=\"http:\/\/www.ples.co.rs\/Jnabavke\/2014\/140625_Obavestenje%20o%20Zakljucenom%20Ugovoru.pdf\">Obave\u0161tenje o zaklju\u010denom ugovoru<\/a><\/p>\n<p><strong>JNMV 1\/2014-109<br \/>\n<\/strong>Sme\u0161taj sportista i zvani\u010dnika takmi\u010denja<br \/>\nkoja se odr\u017eavaju u Beogradu u organizaciji Plesnog saveza Srbije<br \/>\n<a href=\"http:\/\/www.ples.co.rs\/Jnabavke\/2014\/109_KD.doc\">Konkursna dokumentacija<\/a><br \/>\n<a href=\"http:\/\/www.ples.co.rs\/Jnabavke\/2014\/109_Poziv%20za%20podnosenje%20ponuda.doc\">Poziv za podno\u0161enje ponuda<\/a><br \/>\n<a href=\"http:\/\/www.ples.co.rs\/Jnabavke\/2014\/140611_Obavestenje%20o%20Zakljucenom%20Ugovoru.pdf\">Obave\u0161tenje o zaklju\u010denom ugovoru<\/a><\/p>\n<p><strong>JNMV 2\/2013-136<br \/>\n<\/strong>Usluge sme\u0161taja sa poja\u010danom sportskom ishranom<br \/>\nza kamp perspektivnih sportista<br \/>\n<a href=\"http:\/\/www.ples.co.rs\/Jnabavke\/2013\/KONKURSNA_SMESTAJ_PLES2.pdf\">Konkursna dokumentacija<\/a><br \/>\n<a href=\"http:\/\/www.ples.co.rs\/Jnabavke\/2013\/Poziv_za_podnosenje_%20ponuda2.pdf\">Poziv za podno\u0161enje ponuda<\/a><br \/>\n<a href=\"http:\/\/www.ples.co.rs\/Jnabavke\/2013\/Obavestenje%20o%20Zakljucenom%20Ugovoru2.pdf\">Obave\u0161tenje o zaklju\u010denok ugovoru<\/a><\/p>\n<p><strong>JNMV 1\/2013-122<br \/>\n<\/strong>Sme\u0161taj sportista i zvani\u010dnika takmi\u010denja<br \/>\nkoja su u organizaciji Plesnog saveza Srbije<br \/>\n<a href=\"http:\/\/www.ples.co.rs\/Jnabavke\/2013\/KONKURSNA_SMESTAJ_PLES.pdf\">Konkursna dokumentacija<\/a><br \/>\n<a href=\"http:\/\/www.ples.co.rs\/Jnabavke\/2013\/Poziv_za_podnosenje_ponuda.pdf\">Poziv za podno\u0161enje ponuda<\/a><br \/>\n<a href=\"http:\/\/www.ples.co.rs\/Jnabavke\/2013\/Obavestenje_o_Zakljucenom_Ugovoru.pdf\">Obave\u0161tenje o zaklju\u010denom ugovoru<\/a><\/p>\n<\/div><div class=\"fusion-clearfix\"><\/div>\n\n\t\t\t\t\t<\/div>\n\t\t\t\t<\/div><\/div><\/div><div class=\"fusion-fullwidth fullwidth-box nonhundred-percent-fullwidth non-hundred-percent-height-scrolling\"  style='background-color: rgba(255,255,255,0);background-position: center center;background-repeat: no-repeat;padding-top:0px;padding-right:0px;padding-bottom:0px;padding-left:0px;'><div class=\"fusion-builder-row fusion-row \"><\/div><\/div><\/p>\n","protected":false},"excerpt":{"rendered":"","protected":false},"author":1,"featured_media":0,"parent":0,"menu_order":0,"comment_status":"closed","ping_status":"closed","template":"100-width.php","meta":{"footnotes":""},"class_list":["post-1300","page","type-page","status-publish","hentry"],"_links":{"self":[{"href":"https:\/\/srbijaples.rs\/eng\/wp-json\/wp\/v2\/pages\/1300","targetHints":{"allow":["GET"]}}],"collection":[{"href":"https:\/\/srbijaples.rs\/eng\/wp-json\/wp\/v2\/pages"}],"about":[{"href":"https:\/\/srbijaples.rs\/eng\/wp-json\/wp\/v2\/types\/page"}],"author":[{"embeddable":true,"href":"https:\/\/srbijaples.rs\/eng\/wp-json\/wp\/v2\/users\/1"}],"replies":[{"embeddable":true,"href":"https:\/\/srbijaples.rs\/eng\/wp-json\/wp\/v2\/comments?post=1300"}],"version-history":[{"count":24,"href":"https:\/\/srbijaples.rs\/eng\/wp-json\/wp\/v2\/pages\/1300\/revisions"}],"predecessor-version":[{"id":1870,"href":"https:\/\/srbijaples.rs\/eng\/wp-json\/wp\/v2\/pages\/1300\/revisions\/1870"}],"wp:attachment":[{"href":"https:\/\/srbijaples.rs\/eng\/wp-json\/wp\/v2\/media?parent=1300"}],"curies":[{"name":"wp","href":"https:\/\/api.w.org\/{rel}","templated":true}]}}