{"id":1306,"date":"2019-11-05T15:10:47","date_gmt":"2019-11-05T15:10:47","guid":{"rendered":"https:\/\/srbijaples.rs\/eng\/?page_id=1306"},"modified":"2023-10-23T20:05:46","modified_gmt":"2023-10-23T20:05:46","slug":"reports","status":"publish","type":"page","link":"https:\/\/srbijaples.rs\/eng\/reports\/","title":{"rendered":"Reports"},"content":{"rendered":"<div class=\"fusion-fullwidth fullwidth-box nonhundred-percent-fullwidth non-hundred-percent-height-scrolling\"  style='background-color: rgba(255,255,255,0);background-position: center center;background-repeat: no-repeat;padding-top:0px;padding-right:0px;padding-bottom:0px;padding-left:0px;'><div class=\"fusion-builder-row fusion-row \"><div  class=\"fusion-layout-column fusion_builder_column fusion_builder_column_1_2 fusion-builder-column-1 fusion-one-half fusion-column-first 1_2\"  style='margin-top:20px;margin-bottom:20px;width:50%;width:calc(50% - ( ( 4% ) * 0.5 ) );margin-right: 4%;'>\n\t\t\t\t\t<div class=\"fusion-column-wrapper\" style=\"padding: 0px 0px 0px 0px;background-position:left top;background-repeat:no-repeat;-webkit-background-size:cover;-moz-background-size:cover;-o-background-size:cover;background-size:cover;\"   data-bg-url=\"\">\n\t\t\t\t\t\t<div class=\"fusion-text\"><h3>2022.<\/h3>\n<p><a href=\"https:\/\/srbijaples.rs\/wp-content\/uploads\/2023\/10\/Zavrsni-izvestaj-o-realizaciji-Redovnog-programa-2022.pdf\">Zavr\u0161ni izve\u0161taj o realizaciji Redovnog programa 2022.<\/a><\/p>\n<p><a href=\"https:\/\/srbijaples.rs\/wp-content\/uploads\/2023\/10\/Revizija-saglasnosti-Redovni-program-2022.pdf\">Revizija saglasnosti Redovni program 2022.<\/a><\/p>\n<p><a href=\"https:\/\/srbijaples.rs\/wp-content\/uploads\/2023\/10\/Zavrsni-izvestaj-o-realizaciji-programa-Kamp-2022.pdf\">Zavr\u0161ni izve\u0161taj o realizaciji programa. Kamp 2022.<\/a><\/p>\n<p><a href=\"https:\/\/srbijaples.rs\/wp-content\/uploads\/2023\/10\/Revizija-saglasnosti-Kamp-2022.pdf\">Revizija saglasnosti. Kamp 2022.<\/a><\/p>\n<p><a href=\"https:\/\/srbijaples.rs\/wp-content\/uploads\/2023\/10\/Zavrsni-izvestaj-o-realizaciji-medjunarodnog-programa-Cacak-2022...pdf\">Zavr\u0161ni izvestaj o realizaciji programa. Me\u0111unarodno takmi\u010denje \u010ca\u010dak 2022.<\/a><\/p>\n<p><a href=\"https:\/\/srbijaples.rs\/wp-content\/uploads\/2023\/10\/Revizija-saglasnosti-Cacak-2022.pdf\">Revizija saglasnosti. Me\u0111unarodno takmi\u010denje \u010ca\u010dak 2022.<\/a><\/p>\n<p><a href=\"https:\/\/srbijaples.rs\/wp-content\/uploads\/2023\/10\/Zavrsni-izvestaj-o-realizaciji-medjunarodnog-programa-Beograd.pdf\">Zavr\u0161ni izvestaj o realizaciji programa. Me\u0111unarodno takmi\u010denje Beograd 2022.<\/a><\/p>\n<p><a href=\"https:\/\/srbijaples.rs\/wp-content\/uploads\/2023\/10\/Revizija-saglasnosti-Medjunarodno-takmicenje-Beograd-2022.pdf\">Revizija saglasnosti. Me\u0111unarodno takmi\u010denje Beograd 2022.<\/a><\/p>\n<p><a href=\"https:\/\/srbijaples.rs\/wp-content\/uploads\/2023\/10\/Bilans-uspeha-2022.pdf\">Bilans uspeha 2022.<\/a><\/p>\n<p><a href=\"https:\/\/srbijaples.rs\/wp-content\/uploads\/2023\/10\/Bilans-stanja-2022.pdf\">Bilans stanja 2022.<\/a><\/p>\n<\/div><div class=\"fusion-clearfix\"><\/div>\n\n\t\t\t\t\t<\/div>\n\t\t\t\t<\/div><div  class=\"fusion-layout-column fusion_builder_column fusion_builder_column_1_2 fusion-builder-column-2 fusion-one-half fusion-column-last 1_2\"  style='margin-top:20px;margin-bottom:20px;width:50%;width:calc(50% - ( ( 4% ) * 0.5 ) );'>\n\t\t\t\t\t<div class=\"fusion-column-wrapper\" style=\"padding: 0px 0px 0px 0px;background-position:left top;background-repeat:no-repeat;-webkit-background-size:cover;-moz-background-size:cover;-o-background-size:cover;background-size:cover;\"   data-bg-url=\"\">\n\t\t\t\t\t\t<div class=\"fusion-text\"><h3>2021.<\/h3>\n<p><a href=\"https:\/\/srbijaples.rs\/wp-content\/uploads\/2022\/11\/Zavrsni-izvestaj-o-realizaciji-Redovnog-programa-2021.pdf\">Zavr\u0161ni izve\u0161taj o realizaciji Redovnog programa 2021.<\/a><\/p>\n<p><a href=\"https:\/\/srbijaples.rs\/wp-content\/uploads\/2022\/11\/Revizija-saglasnosti-Redovni-2021.pdf\">Revizija saglasnosti Redovni program 2021.<\/a><\/p>\n<p><a href=\"https:\/\/srbijaples.rs\/wp-content\/uploads\/2022\/11\/Zavrsni-izvestaj-o-realizaciji-programa-Kamp-2021.pdf\">Zavr\u0161ni izve\u0161taj o realizaciji programa. Kamp 2021.<\/a><\/p>\n<p><a href=\"https:\/\/srbijaples.rs\/wp-content\/uploads\/2022\/11\/Revizija-saglasnosti-Kamp-2021.pdf\">Revizija saglasnosti. Kamp 2021.<\/a><\/p>\n<p><a href=\"https:\/\/srbijaples.rs\/wp-content\/uploads\/2022\/11\/Zavrsni-izvesaj-o-realizaciji-medjunarodnog-programa-Cacak.pdf\">Zavr\u0161ni izvestaj o realizaciji programa. Me\u0111unarodno takmi\u010denje \u010ca\u010dak 2021.<\/a><\/p>\n<p><a href=\"https:\/\/srbijaples.rs\/wp-content\/uploads\/2022\/11\/Revizija-saglasnosti-Open-Cacak-2021.pdf\">Revizija saglasnosti. Me\u0111unarodno takmi\u010denje \u010ca\u010dak 2021.<\/a><\/p>\n<p><a href=\"https:\/\/srbijaples.rs\/wp-content\/uploads\/2022\/11\/Zavrsni-izvestaj-o-realizaciji-programa-medjunarodnog-takmicenj.pdf\">Zavr\u0161ni izvestaj o realizaciji programa. Me\u0111unarodno takmi\u010denje Beograd 2021.<\/a><\/p>\n<p><a href=\"https:\/\/srbijaples.rs\/wp-content\/uploads\/2022\/11\/Revizija-saglasnosti-Open-2021.pdf\">Revizija saglasnosti. Me\u0111unarodno takmi\u010denje Beograd 2021.<\/a><\/p>\n<p><a href=\"https:\/\/srbijaples.rs\/wp-content\/uploads\/2022\/11\/Bilans-uspeha-2021.pdf\">Bilans uspeha 2021.<\/a><\/p>\n<p><a href=\"https:\/\/srbijaples.rs\/wp-content\/uploads\/2022\/11\/Bilans-stanja-2021.pdf\">Bilans stanja za 2021.<\/a><\/p>\n<\/div><div class=\"fusion-clearfix\"><\/div>\n\n\t\t\t\t\t<\/div>\n\t\t\t\t<\/div><div  class=\"fusion-layout-column fusion_builder_column fusion_builder_column_1_2 fusion-builder-column-3 fusion-one-half fusion-column-first 1_2\"  style='margin-top:20px;margin-bottom:20px;width:50%;width:calc(50% - ( ( 4% ) * 0.5 ) );margin-right: 4%;'>\n\t\t\t\t\t<div class=\"fusion-column-wrapper\" style=\"padding: 0px 0px 0px 0px;background-position:left top;background-repeat:no-repeat;-webkit-background-size:cover;-moz-background-size:cover;-o-background-size:cover;background-size:cover;\"   data-bg-url=\"\">\n\t\t\t\t\t\t<div class=\"fusion-text\"><h3>2020.<\/h3>\n<p><a href=\"https:\/\/srbijaples.rs\/wp-content\/uploads\/2021\/07\/Zavrsni-izvestaj-o-realizacini-programa-Redovni-2020.pdf\">Zavr\u0161ni izve\u0161taj o realizaciji Redovnog programa 2020<\/a><\/p>\n<p><a href=\"https:\/\/srbijaples.rs\/wp-content\/uploads\/2021\/07\/Revizija-saglasnosti-Redovni-2020.pdf\">Revizija saglasnosti Redovni program 2020<\/a><\/p>\n<p><a href=\"https:\/\/srbijaples.rs\/wp-content\/uploads\/2021\/07\/Zavrsni-izvestaj-o-realizaciji-programa.-Kamp-2020.pdf\">Zavr\u0161ni izve\u0161taj o realizaciji programa. Kamp 2020<\/a><\/p>\n<p><a href=\"https:\/\/srbijaples.rs\/wp-content\/uploads\/2021\/07\/Revizija-saglasnosti-Kamp-2020.pdf\">Revizija saglasnosti. Kamp 2020<\/a><\/p>\n<p><a href=\"https:\/\/srbijaples.rs\/wp-content\/uploads\/2021\/07\/Bilans-uspeha-2020.pdf\">Bilans uspeha 2020.<\/a><\/p>\n<p><a href=\"https:\/\/srbijaples.rs\/wp-content\/uploads\/2021\/07\/Bilans-stanja-2020.pdf\">Bilans stanja za 2020.<\/a><\/p>\n<p><a href=\"https:\/\/srbijaples.rs\/wp-content\/uploads\/2021\/07\/Statisticki-izvestaj-2020.pdf\">Statisti\u010dki izve\u0161taj 2020.<\/a><\/p>\n<\/div><div class=\"fusion-clearfix\"><\/div>\n\n\t\t\t\t\t<\/div>\n\t\t\t\t<\/div><div  class=\"fusion-layout-column fusion_builder_column fusion_builder_column_1_2 fusion-builder-column-4 fusion-one-half fusion-column-last 1_2\"  style='margin-top:20px;margin-bottom:20px;width:50%;width:calc(50% - ( ( 4% ) * 0.5 ) );'>\n\t\t\t\t\t<div class=\"fusion-column-wrapper\" style=\"padding: 0px 0px 0px 0px;background-position:left top;background-repeat:no-repeat;-webkit-background-size:cover;-moz-background-size:cover;-o-background-size:cover;background-size:cover;\"   data-bg-url=\"\">\n\t\t\t\t\t\t<div class=\"fusion-text\"><h3>2019.<\/h3>\n<p><a href=\"https:\/\/srbijaples.rs\/eng\/wp-content\/uploads\/2020\/09\/Zavrsni-izvestaj-o-realizaciji-programa-Open-2019.pdf\">Zavrsni izvestaj o realizaciji programa. Me\u0111unarodno takmicenje 2019<\/a><\/p>\n<p style=\"text-align: left;\" align=\"center\"><a href=\"https:\/\/srbijaples.rs\/eng\/wp-content\/uploads\/2020\/09\/Revizija-saglasnosti-Kamp-2019.pdf\">Revizija saglasnosti. Kamp 2019<\/a><\/p>\n<p style=\"text-align: left;\" align=\"center\"><a href=\"https:\/\/srbijaples.rs\/eng\/wp-content\/uploads\/2020\/09\/Zavrsni-izvestaj-o-realizaciji-programa-Kamp-2019-1.pdf\">Zavrsni izvestaj o realizaciji programa. Kamp 2019<\/a><\/p>\n<p style=\"text-align: left;\" align=\"center\"><a href=\"https:\/\/srbijaples.rs\/eng\/wp-content\/uploads\/2020\/09\/Revizija-saglasnosti-Open-2019.pdf\">Revizija saglasnosti. Medjunarodno takmicenje 2019<\/a><\/p>\n<p style=\"text-align: left;\" align=\"center\"><a href=\"https:\/\/srbijaples.rs\/eng\/wp-content\/uploads\/2020\/09\/Revizija-saglasnosti-Redovni-program-2019.pdf\">Revizija saglasnosti Redovni program 2019<\/a><\/p>\n<p style=\"text-align: left;\" align=\"center\"><a href=\"https:\/\/srbijaples.rs\/eng\/wp-content\/uploads\/2020\/09\/Zavrsni-izvestaj-o-realizaciji-programa-Redovni-2019.pdf\">Zavrsni izvestaj o realizaciji Redovnog programa 2019<\/a><\/p>\n<p style=\"text-align: left;\" align=\"center\"><a href=\"https:\/\/srbijaples.rs\/wp-content\/uploads\/2021\/07\/Bilans-stanja-2019.pdf\">Bilans stanja za 2019.<\/a><\/p>\n<p style=\"text-align: left;\" align=\"center\"><a href=\"https:\/\/srbijaples.rs\/wp-content\/uploads\/2021\/07\/Bilans-uspeha-2019.pdf\">Bilans uspeha 2019.<\/a><\/p>\n<p align=\"center\">\n<\/div><div class=\"fusion-clearfix\"><\/div>\n\n\t\t\t\t\t<\/div>\n\t\t\t\t<\/div><div  class=\"fusion-layout-column fusion_builder_column fusion_builder_column_1_2 fusion-builder-column-5 fusion-one-half fusion-column-first 1_2\"  style='margin-top:20px;margin-bottom:20px;width:50%;width:calc(50% - ( ( 4% ) * 0.5 ) );margin-right: 4%;'>\n\t\t\t\t\t<div class=\"fusion-column-wrapper\" style=\"padding: 0px 0px 0px 0px;background-position:left top;background-repeat:no-repeat;-webkit-background-size:cover;-moz-background-size:cover;-o-background-size:cover;background-size:cover;\"   data-bg-url=\"\">\n\t\t\t\t\t\t<div class=\"fusion-text\"><h3>2018.<\/h3>\n<p style=\"text-align: left;\" align=\"center\"><a href=\"http:\/\/www.ples.co.rs\/izvestaji\/Zavrsni%20izvestaj%20o%20realizaciji%20programa.%20Medjunarodno%20takmicenje%202018.pdf\">Zavrsni izvestaj o realizaciji programa. Me\u0111unarodno takmicenje 2018<\/a><\/p>\n<p style=\"text-align: left;\" align=\"center\"><a href=\"http:\/\/www.ples.co.rs\/izvestaji\/Revizija%20saglasnosti%20Kamp%202018.pdf\">Revizija saglasnosti. Kamp 2018<\/a><\/p>\n<p style=\"text-align: left;\" align=\"center\"><a href=\"http:\/\/www.ples.co.rs\/izvestaji\/Zavrsni%20izvestaj%20o%20realizaciji%20programa.%20Kamp%202018.pdf\">Zavrsni izvestaj o realizaciji programa. Kamp 2018<\/a><\/p>\n<p style=\"text-align: left;\" align=\"center\"><a href=\"http:\/\/www.ples.co.rs\/izvestaji\/Revizija%20saglasnosti%20Medjunarodno%20takmicenje%202018.pdf\">Revizija saglasnosti. Medjunarodno takmicenje 2018<\/a><\/p>\n<p style=\"text-align: left;\" align=\"center\"><a href=\"http:\/\/www.ples.co.rs\/izvestaji\/BS%202018.pdf\">Bilans stanja za 2018.<\/a><\/p>\n<p style=\"text-align: left;\" align=\"center\"><a href=\"http:\/\/www.ples.co.rs\/izvestaji\/BU%202018.pdf\">Bilans uspeha 2018.<\/a><\/p>\n<p style=\"text-align: left;\" align=\"center\"><a href=\"http:\/\/www.ples.co.rs\/izvestaji\/STA%202018.pdf\">Statisti\u010dki izve\u0161taj 2018.<\/a><\/p>\n<p style=\"text-align: left;\" align=\"center\"><a href=\"http:\/\/www.ples.co.rs\/izvestaji\/Revizija%20%20saglasnosti%20Redovni%20program%202018.pdf\">Revizija saglasnosti Redovni program 2018<\/a><\/p>\n<p style=\"text-align: left;\" align=\"center\"><a href=\"http:\/\/www.ples.co.rs\/izvestaji\/Zavrsni%20izvestaj%20o%20realizaciji%20Redovnog%20programa%202018.pdf\">Zavrsni izvestaj o realizaciji Redovnog programa 2018<\/a><\/p>\n<\/div><div class=\"fusion-clearfix\"><\/div>\n\n\t\t\t\t\t<\/div>\n\t\t\t\t<\/div><div  class=\"fusion-layout-column fusion_builder_column fusion_builder_column_1_2 fusion-builder-column-6 fusion-one-half fusion-column-last 1_2\"  style='margin-top:20px;margin-bottom:20px;width:50%;width:calc(50% - ( ( 4% ) * 0.5 ) );'>\n\t\t\t\t\t<div class=\"fusion-column-wrapper\" style=\"padding: 0px 0px 0px 0px;background-position:left top;background-repeat:no-repeat;-webkit-background-size:cover;-moz-background-size:cover;-o-background-size:cover;background-size:cover;\"   data-bg-url=\"\">\n\t\t\t\t\t\t<div class=\"fusion-text\"><h3>2017.<\/h3>\n<p style=\"text-align: left;\" align=\"center\"><a href=\"http:\/\/www.ples.co.rs\/izvestaji\/Revizija%20saglasnosti%20Redovni%20program%202017.pdf\">Revizija saglasnosti Redovni program 2017<\/a><\/p>\n<p style=\"text-align: left;\" align=\"center\"><a href=\"http:\/\/www.ples.co.rs\/izvestaji\/Zavrsni%20izvestaj%20o%20realizaciji%20programa.%20Redovni%20program%202017.pdf\">Zavrsni izvestaj o realizaciji programa. Redovni program 2017<\/a><\/p>\n<p style=\"text-align: left;\" align=\"center\"><a href=\"http:\/\/www.ples.co.rs\/izvestaji\/Revizija%20saglasnosti.%20Kamp%202017.pdf\">Revizija saglasnosti. Kamp 2017<\/a><\/p>\n<p style=\"text-align: left;\" align=\"center\"><a href=\"http:\/\/www.ples.co.rs\/izvestaji\/Zavrsni%20izvestaj%20o%20realizaciji%20programa.%20Kamp%202017.pdf\">Zavrsni izvestaj o realizaciji programa. Kamp 2017<\/a><\/p>\n<p style=\"text-align: left;\" align=\"center\"><a href=\"http:\/\/www.ples.co.rs\/izvestaji\/Revizija%20saglasnosti.%20Medjunarodno%20takmicenje%202017.pdf\">Revizija saglasnosti. Medjunarodno takmicenje 2017<\/a><\/p>\n<p style=\"text-align: left;\" align=\"center\"><a href=\"http:\/\/www.ples.co.rs\/izvestaji\/Zavrsni%20izvestaj%20o%20realizaciji%20programa.%20Medjunarodno%20takmicenj.pdf\">Zavrsni izvestaj o realizaciji programa. Medjunarodno takmicenje<\/a><\/p>\n<p style=\"text-align: left;\" align=\"center\"><a href=\"http:\/\/www.ples.co.rs\/izvestaji\/BS%202017.pdf\">Bilans stanja za 2017.<\/a><\/p>\n<p style=\"text-align: left;\" align=\"center\"><a href=\"http:\/\/www.ples.co.rs\/izvestaji\/BU%202017.pdf\">Bilans uspeha 2017.<\/a><\/p>\n<p style=\"text-align: left;\" align=\"center\"><a href=\"http:\/\/www.ples.co.rs\/izvestaji\/STA%202017.pdf\">Statisti\u010dki izve\u0161taj 2017.<\/a><\/p>\n<\/div><div class=\"fusion-clearfix\"><\/div>\n\n\t\t\t\t\t<\/div>\n\t\t\t\t<\/div><div  class=\"fusion-layout-column fusion_builder_column fusion_builder_column_1_2 fusion-builder-column-7 fusion-one-half fusion-column-first 1_2\"  style='margin-top:20px;margin-bottom:20px;width:50%;width:calc(50% - ( ( 4% ) * 0.5 ) );margin-right: 4%;'>\n\t\t\t\t\t<div class=\"fusion-column-wrapper\" style=\"padding: 0px 0px 0px 0px;background-position:left top;background-repeat:no-repeat;-webkit-background-size:cover;-moz-background-size:cover;-o-background-size:cover;background-size:cover;\"   data-bg-url=\"\">\n\t\t\t\t\t\t<div class=\"fusion-text\"><h3>2016.<\/h3>\n<p style=\"text-align: left;\"><a href=\"http:\/\/www.ples.co.rs\/izvestaji\/Revizija%20saglasnosti%20Kamp%202016.pdf\">Revizija saglasnosti. Kamp 2016.<\/a><\/p>\n<p style=\"text-align: left;\" align=\"center\"><a href=\"http:\/\/www.ples.co.rs\/izvestaji\/Zavrsni%20izvestaj%20o%20realizaciji%20programa.%20Kamp%202016.pdf\">Zavr\u0161ni izve\u0161taj o realizaciji programa. Kamp 2016<\/a><\/p>\n<p style=\"text-align: left;\"><a href=\"http:\/\/www.ples.co.rs\/izvestaji\/170126%20Revizija%20saglasnosti,%20Medjunarodno%20takmicenje%202016.pdf\">Revizija saglasnosti, Medjunarodno takmicenje 2016<\/a><\/p>\n<p style=\"text-align: left;\" align=\"center\"><a href=\"http:\/\/www.ples.co.rs\/izvestaji\/170126%20Zavrsni%20izvestaj%20o%20realizaciji%20programa,%20Medjunarodno%20takmicenj.pdf\">Zavrsni izvestaj o realizaciji programa, Medjunarodno takmicenje<\/a><\/p>\n<p style=\"text-align: left;\" align=\"center\"><a href=\"http:\/\/www.ples.co.rs\/izvestaji\/170126%20Revizija%20saglasnosti,%20Redovan%20program%202016.pdf\">Revizija saglasnosti, Redovan program 2016<\/a><\/p>\n<p style=\"text-align: left;\" align=\"center\"><a href=\"http:\/\/www.ples.co.rs\/izvestaji\/170126%20Zavrsni%20izvestaj%20o%20realizaciji%20programa,%20Redovni%20program%202016.pdf\">Zavrsni izvestaj o realizaciji programa, Redovni program 2016<\/a><\/p>\n<p style=\"text-align: left;\" align=\"center\"><a href=\"http:\/\/www.ples.co.rs\/izvestaji\/bilans%20stanja%202016.pdf\">Bilans stanja 2016.<\/a><\/p>\n<p style=\"text-align: left;\" align=\"center\"><a href=\"http:\/\/www.ples.co.rs\/izvestaji\/bilans%20uspeha%202016.pdf\">Bilans uspeha 2016.<\/a><\/p>\n<p style=\"text-align: left;\" align=\"center\"><a href=\"http:\/\/www.ples.co.rs\/izvestaji\/STATISICKI%20IZVESTAJ%202016.pdf\">Statisti\u010dki izve\u0161taj 2016.<\/a><\/p>\n<\/div><div class=\"fusion-clearfix\"><\/div>\n\n\t\t\t\t\t<\/div>\n\t\t\t\t<\/div><div  class=\"fusion-layout-column fusion_builder_column fusion_builder_column_1_2 fusion-builder-column-8 fusion-one-half fusion-column-last 1_2\"  style='margin-top:20px;margin-bottom:20px;width:50%;width:calc(50% - ( ( 4% ) * 0.5 ) );'>\n\t\t\t\t\t<div class=\"fusion-column-wrapper\" style=\"padding: 0px 0px 0px 0px;background-position:left top;background-repeat:no-repeat;-webkit-background-size:cover;-moz-background-size:cover;-o-background-size:cover;background-size:cover;\"   data-bg-url=\"\">\n\t\t\t\t\t\t<div class=\"fusion-text\"><h3>2015.<\/h3>\n<p style=\"text-align: left;\" align=\"center\"><a href=\"http:\/\/www.ples.co.rs\/izvestaji\/BILANS%20STANJA%202015.pdf\">Bilans stanja<\/a><\/p>\n<p style=\"text-align: left;\" align=\"center\"><a href=\"http:\/\/www.ples.co.rs\/izvestaji\/BILANS%20USPEHA%202015.pdf\">Bilans uspeha<\/a><\/p>\n<p style=\"text-align: left;\" align=\"center\"><a href=\"http:\/\/www.ples.co.rs\/izvestaji\/ST.ANEKS%202015.pdf\">Statisti\u010dki aneks<\/a><\/p>\n<p style=\"text-align: left;\" align=\"center\"><a href=\"http:\/\/www.ples.co.rs\/izvestaji\/Revizija%20saglasnosti,%20Redovni%20programi%202015..pdf\">Revizija saglasnosti. Redovni programi 2015<\/a><\/p>\n<p style=\"text-align: left;\" align=\"center\"><a href=\"http:\/\/www.ples.co.rs\/izvestaji\/Zavrsni%20izvestaj%20o%20realizaciji%20programa,%20Redovni%20program%2020015.pdf\">Zavr\u0161ni izve\u0161taj o realizaciji programa. Redovni program 2015.<\/a><\/p>\n<p style=\"text-align: left;\" align=\"center\"><a href=\"http:\/\/www.ples.co.rs\/izvestaji\/Revizija%20saglasnosti,%20Medjunarodno%20takmicenje%202015..pdf\">Revizija saglasnosti. Medjunarodno takmi\u010denje 2015.<\/a><\/p>\n<p style=\"text-align: left;\" align=\"center\"><a href=\"http:\/\/www.ples.co.rs\/izvestaji\/Zavrsni%20izvestaj%20o%20realizaciji%20programa,%20Medjunarodno%20takmicenj.pdf\">Zavr\u0161ni izve\u0161taj o realizaciji programa. Medjunarodno takmi\u010denje.<\/a><\/p>\n<p style=\"text-align: left;\" align=\"center\"><a href=\"http:\/\/www.ples.co.rs\/izvestaji\/Revizija%20saglasnosti,%20Kamp%202015..pdf\">Revizija saglasnosti. Kamp 2015.<\/a><\/p>\n<p style=\"text-align: left;\" align=\"center\"><a href=\"http:\/\/www.ples.co.rs\/izvestaji\/Zavrsni%20%20izvestaj%20o%20realizaciji%20programa,%20Kamp%2020015..pdf\">Zavr\u0161ni izve\u0161taj o realizaciji programa. Kamp 2015<\/a><\/p>\n<\/div><div class=\"fusion-clearfix\"><\/div>\n\n\t\t\t\t\t<\/div>\n\t\t\t\t<\/div><\/div><\/div>\n","protected":false},"excerpt":{"rendered":"","protected":false},"author":1,"featured_media":0,"parent":0,"menu_order":0,"comment_status":"closed","ping_status":"closed","template":"100-width.php","meta":{"footnotes":""},"class_list":["post-1306","page","type-page","status-publish","hentry"],"_links":{"self":[{"href":"https:\/\/srbijaples.rs\/eng\/wp-json\/wp\/v2\/pages\/1306","targetHints":{"allow":["GET"]}}],"collection":[{"href":"https:\/\/srbijaples.rs\/eng\/wp-json\/wp\/v2\/pages"}],"about":[{"href":"https:\/\/srbijaples.rs\/eng\/wp-json\/wp\/v2\/types\/page"}],"author":[{"embeddable":true,"href":"https:\/\/srbijaples.rs\/eng\/wp-json\/wp\/v2\/users\/1"}],"replies":[{"embeddable":true,"href":"https:\/\/srbijaples.rs\/eng\/wp-json\/wp\/v2\/comments?post=1306"}],"version-history":[{"count":27,"href":"https:\/\/srbijaples.rs\/eng\/wp-json\/wp\/v2\/pages\/1306\/revisions"}],"predecessor-version":[{"id":1898,"href":"https:\/\/srbijaples.rs\/eng\/wp-json\/wp\/v2\/pages\/1306\/revisions\/1898"}],"wp:attachment":[{"href":"https:\/\/srbijaples.rs\/eng\/wp-json\/wp\/v2\/media?parent=1306"}],"curies":[{"name":"wp","href":"https:\/\/api.w.org\/{rel}","templated":true}]}}