{"id":2,"date":"2019-09-30T07:41:26","date_gmt":"2019-09-30T07:41:26","guid":{"rendered":"https:\/\/srbijaples.rs\/eng\/?page_id=2"},"modified":"2026-04-08T16:16:13","modified_gmt":"2026-04-08T16:16:13","slug":"organizacija","status":"publish","type":"page","link":"https:\/\/srbijaples.rs\/eng\/organizacija\/","title":{"rendered":"Organizacija"},"content":{"rendered":"<div class=\"fusion-fullwidth fullwidth-box nonhundred-percent-fullwidth non-hundred-percent-height-scrolling\"  style='background-color: rgba(255,255,255,0);background-position: center center;background-repeat: no-repeat;padding-top:0px;padding-right:0px;padding-bottom:0px;padding-left:0px;'><div class=\"fusion-builder-row fusion-row \"><div  class=\"fusion-layout-column fusion_builder_column fusion_builder_column_1_2 fusion-builder-column-1 fusion-one-half fusion-column-first 1_2\"  style='margin-top:0px;margin-bottom:0px;width:48%; margin-right: 4%;'>\n\t\t\t\t\t<div class=\"fusion-column-wrapper\" style=\"border-right:1px dotted rgba(0,0,0,0.22);padding: 0px 0px 0px 0px;background-position:left top;background-repeat:no-repeat;-webkit-background-size:cover;-moz-background-size:cover;-o-background-size:cover;background-size:cover;\"   data-bg-url=\"\">\n\t\t\t\t\t\t<div class=\"fusion-text\"><h4><strong>KONTAKT INFORMACIJE<\/strong><\/h4>\n<p>Adresa: Beograd, Deligradska 27<br \/>\nTel\/fax: + 381 11 244 14 74<br \/>\ne-mail: <strong><a href=\"mailto:yudsf001@eunet.rs\">office@plesnisavezsrbije.rs<\/a><\/strong><br \/>\n<a href=\"https:\/\/srbijaples.rs\/\"><strong>https:\/\/srbijaples.rs<\/strong><\/a><br \/>\nRadno vreme kancelarije saveza: ponedeljak \u2013 petak 09h-16h<\/p>\n<p><strong>Upravni odbor<\/strong><br \/>\nSla\u0111ana Ivani\u0161evi\u0107, Predsednik<br \/>\nIvan Mileusni\u0107, Potpredsednik<br \/>\n\u010clanovi: Antal Gece, Dragana Labudovi\u0107,<br \/>\nPredrag Mi\u0107i\u0107, Jasna \u017divaljevi\u0107, Dragan Ran\u010dev<br \/>\nGeneralni sekretar: \u017deljko Ostoji\u0107<br \/>\nNacionalni administrator: Ljubi\u0161a Tomi\u0107<\/p>\n<p>Odnosi sa javno\u0161\u0107u: Ivan Mileusni\u0107, Sla\u0111ana Ivani\u0161evi\u0107<\/p>\n<p><strong>Nadzorni Odbor<\/strong><br \/>\nMilena Bo\u017ei\u0107 Trifunov, Predsednik<br \/>\n\u010clanovi: Bo\u0161ko Golubovi\u0107, Zoran Gemaljevi\u0107<\/p>\n<p><strong>Disciplinska Komisija<\/strong><br \/>\nSamir Ali\u010di\u0107, Predsednik<br \/>\n\u010clanovi: Milo\u0161 Stani\u0107, Filip Vladisavljevi\u0107<\/p>\n<p><strong>Takmi\u010darsko-sudijska komisija LA&amp;ST<\/strong><\/p>\n<p><strong>Takmi\u010darsko-sudijska komisija savremeni ples<\/strong><br \/>\nPredsednik: Dragana Labudovi\u0107<br \/>\n\u010clanovi: Danijela Sagi\u0107, Miodrag Mi\u0107i\u0107<\/p>\n<p><strong>Lice odgovorno za nadzor nad sprovo\u0111enjem mera<br \/>\nza spre\u010davanje dopinga<\/strong>: dr Ivana Gaji\u0107<\/p>\n<p><strong>Sportski trener za rad sa sportistima i koordinaciju<br \/>\nstru\u010dnog rada u Savezu<br \/>\n<\/strong>Glavni trener: MSc Sla\u0111ana Ivani\u0161evi\u0107<\/p>\n<p><strong>Sportski trener \u2013 rukovodioc programa razvoja<br \/>\nde\u010dijeg i omladinskog sporta<\/strong>: Dragana Labudovi\u0107<\/p>\n<p><strong>Sportski trener \u2013 rukovodioc programa razvoja<br \/>\n<\/strong><b>\u017eenskog sporta<\/b>: Dragana Labudovi\u0107<\/p>\n<p><strong>Lekar sportskih reprezentacija, zadu\u017eena za brigu<br \/>\no medicinskoj za\u0161titi sportista i primeni antidoping pravila<br \/>\n<\/strong>\u00a0dr Ivana Gaji\u0107<\/p>\n<p>Lice koje koordinira obavljanje poslova koji se odnose na bezbednost u\u010desnika sportskih takmi\u010denja koja su u ingerenciji Saveza: \u017deljko Ostoji\u0107<\/p>\n<p><strong>Komisija za licenciranje i kategorizaciju<\/strong><br \/>\nPredsednik: Sla\u0111ana Ivani\u0161evi\u0107<br \/>\n\u010clanovi: Tatjana Veljkovi\u0107, Dragan Veli\u010dkovi\u0107<\/p>\n<p><strong>Nau\u010dno istra\u017eiva\u010dka komisija<\/strong><br \/>\nMarija Lazarevi\u0107, rukovodilac<br \/>\n\u010clanovi: Miodrag Savi\u0107, Jelena Aleksi\u0107, An\u0111ela Pavkov Avramovi\u0107,<br \/>\nDragana Labudovi\u0107, Jelena Alempijevi\u0107, Sla\u0111ana Ivani\u0161evi\u0107<\/p>\n<p><strong>Komisija za breaking<br \/>\n<\/strong>Isidora Popovi\u0107, Pavle Pavlovi\u0107, Luka Luki\u0107<\/p>\n<p><strong>Komisija za \u0161kolski sport<br \/>\n<\/strong>Predrag Mi\u0107i\u0107, Predrag Stojkovi\u0107, Prof.dr Slavoljub Uzunovi\u0107<\/p>\n<div><\/div>\n<p>&nbsp;<\/p>\n<\/div><div class=\"fusion-clearfix\"><\/div>\n\n\t\t\t\t\t<\/div>\n\t\t\t\t<\/div><div  class=\"fusion-layout-column fusion_builder_column fusion_builder_column_1_2 fusion-builder-column-2 fusion-one-half fusion-column-last 1_2\"  style='margin-top:0px;margin-bottom:0px;width:48%'>\n\t\t\t\t\t<div class=\"fusion-column-wrapper\" style=\"padding: 0px 0px 0px 0px;background-position:left top;background-repeat:no-repeat;-webkit-background-size:cover;-moz-background-size:cover;-o-background-size:cover;background-size:cover;\"   data-bg-url=\"\">\n\t\t\t\t\t\t<div class=\"fusion-text\"><h4><strong>DOKUMENTA<\/strong><\/h4>\n<p><strong>STATUT I POSLOVNIK<\/strong><br \/>\n<a href=\"https:\/\/srbijaples.rs\/wp-content\/uploads\/2022\/08\/StatutPSS.pdf\"><img loading=\"lazy\" decoding=\"async\" class=\"alignnone\" src=\"http:\/\/www.ples.co.rs\/slike_index\/ar1.gif\" alt=\"\" width=\"16\" height=\"16\" border=\"0\" \/><\/a> STATUT (12.01.2017.)<br \/>\n<a href=\"https:\/\/srbijaples.rs\/wp-content\/uploads\/2022\/08\/POSLOVNIK_O_RADU_SKUPSTINE_2018.pdf\"><img loading=\"lazy\" decoding=\"async\" class=\"alignnone\" src=\"http:\/\/www.ples.co.rs\/slike_index\/ar1.gif\" alt=\"\" width=\"16\" height=\"16\" border=\"0\" \/><\/a> Poslovnik o radu Skup\u0161tine PSS (28.12.2018.)<\/p>\n<p><strong>PRAVILNICI<br \/>\n<\/strong><a href=\"https:\/\/srbijaples.rs\/wp-content\/uploads\/2023\/01\/Pravilnik-o-organizaciji-plesnih-sportskih-priredbi-30.12.2020.-sa-Obrascem-1.pdf\"><img loading=\"lazy\" decoding=\"async\" class=\"alignnone\" src=\"http:\/\/www.ples.co.rs\/slike_index\/ar1.gif\" alt=\"\" width=\"16\" height=\"16\" \/><\/a> Pravilnik o organizaciji plesnih sportskih priredbi<br \/>\n<a href=\"https:\/\/srbijaples.rs\/wp-content\/uploads\/2025\/02\/Pravilnik-o-sportskoj-plesnoj-reprezentaciji-predlog-promene-11.02.2025.-za-objavu.pdf\"><img loading=\"lazy\" decoding=\"async\" class=\"alignnone\" src=\"http:\/\/www.ples.co.rs\/slike_index\/ar1.gif\" alt=\"\" width=\"16\" height=\"16\" border=\"0\" \/><\/a> Pravilnik o sportskoj plesnoj reprezentaciji (11.02.2025.)<br \/>\n<a href=\"https:\/\/srbijaples.rs\/wp-content\/uploads\/2024\/01\/Takmicarski-pravilnik-LAST-26.12.2023-za-sajt.pdf\"><img loading=\"lazy\" decoding=\"async\" class=\"alignnone\" src=\"http:\/\/www.ples.co.rs\/slike_index\/ar1.gif\" alt=\"\" width=\"16\" height=\"16\" \/><\/a> Takmi\u010darski pravilnik LA&amp;ST (26.12.2023.)<br \/>\n<a href=\"https:\/\/srbijaples.rs\/wp-content\/uploads\/2025\/02\/Takmicarski-pravilnik-SAVREMENI-2025-promena-04.02-za-objavu.pdf\"><img loading=\"lazy\" decoding=\"async\" class=\"alignnone\" src=\"http:\/\/www.ples.co.rs\/slike_index\/ar1.gif\" alt=\"\" width=\"16\" height=\"16\" \/><\/a> Takmi\u010darski pravilnik savremeni ples (04.02.2025.)<br \/>\n<a href=\"https:\/\/srbijaples.rs\/eng\/wp-content\/uploads\/2026\/02\/Takmicarski-pravilnik-SAVREMENI-2026-preciscen-tekst.pdf\"><img loading=\"lazy\" decoding=\"async\" class=\"alignnone\" src=\"http:\/\/www.ples.co.rs\/slike_index\/ar1.gif\" alt=\"\" width=\"16\" height=\"16\" \/><\/a> Takmi\u010darski pravilnik savremeni ples (27.01.2026.)<br \/>\n<a href=\"https:\/\/srbijaples.rs\/wp-content\/uploads\/2025\/02\/Sudijski-pravilnik-izmene-04.02.2025.-za-objavu.pdf\"><img loading=\"lazy\" decoding=\"async\" class=\"alignnone\" src=\"http:\/\/www.ples.co.rs\/slike_index\/ar1.gif\" alt=\"\" width=\"16\" height=\"16\" \/><\/a> Sudijski pravilnik (04.02.2025.)<br \/>\n<a href=\"https:\/\/srbijaples.rs\/wp-content\/uploads\/2020\/10\/Pravilnik-o-izdavanju-obnavljanju-i-oduzimanju-dozvole-za-rad-06.10.2020.pdf\"><img loading=\"lazy\" decoding=\"async\" class=\"alignnone\" src=\"http:\/\/www.ples.co.rs\/slike_index\/ar1.gif\" alt=\"\" width=\"16\" height=\"16\" border=\"0\" \/><\/a> Pravilnik o dozvoli za rad (06.10.2020.)<br \/>\n<a href=\"https:\/\/srbijaples.rs\/wp-content\/uploads\/2020\/03\/Pravilnik-o-knjizi-clanova-PSS-06.03.2020.pdf\"><img loading=\"lazy\" decoding=\"async\" class=\"alignnone\" src=\"http:\/\/www.ples.co.rs\/slike_index\/ar1.gif\" alt=\"\" width=\"16\" height=\"16\" \/><\/a> Pravilnik o knjizi \u010dlanova PSS (06.03.2020.)<br \/>\n<a href=\"https:\/\/srbijaples.rs\/wp-content\/uploads\/2021\/01\/Pravilnik-o-disciplinskim-merama-i-postupku-antidoping-pravila-uskladivanje-dec-2020.pdf\"><img loading=\"lazy\" decoding=\"async\" class=\"alignnone\" src=\"http:\/\/www.ples.co.rs\/slike_index\/ar1.gif\" alt=\"\" width=\"16\" height=\"16\" \/><\/a> Pravilnik o disciplinskim merama &#8211; antidoping<br \/>\n<a href=\"https:\/\/srbijaples.rs\/wp-content\/uploads\/2022\/08\/101028_Eticki_kodeks_ucesnika_u_sportskoj_delatnosti.pdf\"><img loading=\"lazy\" decoding=\"async\" class=\"alignnone\" src=\"http:\/\/www.ples.co.rs\/slike_index\/ar1.gif\" alt=\"\" width=\"16\" height=\"16\" border=\"0\" \/><\/a> Eti\u010dki kodeks u\u010desnika u sportskoj delatnosti<br \/>\n<a href=\"https:\/\/srbijaples.rs\/wp-content\/uploads\/2021\/01\/DISCIPLINSKI-pravilnik-30.12.2020.pdf\"><img loading=\"lazy\" decoding=\"async\" class=\"alignnone\" src=\"http:\/\/www.ples.co.rs\/slike_index\/ar1.gif\" alt=\"\" width=\"16\" height=\"16\" \/><\/a> Disciplinski pravilnik<br \/>\n<a href=\"https:\/\/srbijaples.rs\/wp-content\/uploads\/2022\/10\/Pravilnik-o-registraciji-takmicara-13.10.2022.pdf\"><img loading=\"lazy\" decoding=\"async\" class=\"alignnone\" src=\"http:\/\/www.ples.co.rs\/slike_index\/ar1.gif\" alt=\"\" width=\"16\" height=\"16\" \/><\/a> Pravilnik o registraciji takmi\u010dara (13.10.2022.)<br \/>\n<a href=\"https:\/\/srbijaples.rs\/eng\/wp-content\/uploads\/2024\/01\/PRAVILNIK-O-OBLACENJU-29.12.2023.pdf\"><img loading=\"lazy\" decoding=\"async\" class=\"alignnone\" src=\"http:\/\/www.ples.co.rs\/slike_index\/ar1.gif\" alt=\"\" width=\"16\" height=\"16\" border=\"0\" \/><\/a> Pravilnik o obla\u010denju (29.12.2023.)<br \/>\n<a href=\"https:\/\/srbijaples.rs\/wp-content\/uploads\/2022\/08\/100831_Pravilnik_za_takmicenja_u_formacijskim_plesovima.pdf\"><img loading=\"lazy\" decoding=\"async\" class=\"alignnone\" src=\"http:\/\/www.ples.co.rs\/slike_index\/ar1.gif\" alt=\"\" width=\"16\" height=\"16\" border=\"0\" \/><\/a> Pravilnik za takmi\u010denja u formacijskim plesovima<br \/>\n<a href=\"https:\/\/srbijaples.rs\/wp-content\/uploads\/2022\/08\/Pravilnik-o-rejting-listi.pdf\"><img loading=\"lazy\" decoding=\"async\" class=\"alignnone\" src=\"http:\/\/www.ples.co.rs\/slike_index\/ar1.gif\" alt=\"\" width=\"16\" height=\"16\" border=\"0\" \/><\/a> Pravilnik o REJTING listi (18.03.2008.)<br \/>\n<a href=\"https:\/\/srbijaples.rs\/wp-content\/uploads\/2022\/08\/Program-antidoping-delovanja-PSS-20.01.2015.pdf\"><img loading=\"lazy\" decoding=\"async\" class=\"alignnone\" src=\"http:\/\/www.ples.co.rs\/slike_index\/ar1.gif\" alt=\"\" width=\"16\" height=\"16\" border=\"0\" \/><\/a> Program antidoping delovanja PSS (20.01.2015.)<br \/>\n<a href=\"https:\/\/srbijaples.rs\/wp-content\/uploads\/2020\/12\/Pravilnik-o-sprecavanju-negativnih-pojava-u-PSS-08.12.2020.pdf\"><img loading=\"lazy\" decoding=\"async\" class=\"alignnone\" src=\"http:\/\/www.ples.co.rs\/slike_index\/ar1.gif\" alt=\"\" width=\"16\" height=\"16\" border=\"0\" \/><\/a> Pravilnik o spre\u010davanju negativnih pojava u PSS<br \/>\n<a href=\"https:\/\/srbijaples.rs\/wp-content\/uploads\/2022\/08\/Skating_System.pdf\"><img loading=\"lazy\" decoding=\"async\" class=\"alignnone\" src=\"http:\/\/www.ples.co.rs\/slike_index\/ar1.gif\" alt=\"\" width=\"16\" height=\"16\" border=\"0\" \/><\/a> Skating sistem<br \/>\n<a href=\"https:\/\/srbijaples.rs\/wp-content\/uploads\/2022\/08\/110611_Odluka_PSS_o_Prelaznom_peharu.pdf\"><img loading=\"lazy\" decoding=\"async\" class=\"alignnone\" src=\"http:\/\/www.ples.co.rs\/slike_index\/ar1.gif\" alt=\"\" width=\"16\" height=\"16\" border=\"0\" \/><\/a> Odluka o Prelaznom peharu (08.06.2011.)<br \/>\n<a href=\"https:\/\/srbijaples.rs\/wp-content\/uploads\/2021\/12\/2021-Program-antidoping-delovanja.pdf\"><img loading=\"lazy\" decoding=\"async\" class=\"alignnone\" src=\"http:\/\/www.ples.co.rs\/slike_index\/ar1.gif\" alt=\"\" width=\"16\" height=\"16\" border=\"0\" \/><\/a> Program antidoping delovanja<br \/>\n<a href=\"https:\/\/srbijaples.rs\/wp-content\/uploads\/2021\/12\/2021-Pravila-o-zastiti-lica-iz-clana-3-st-1-t-11-Zakona.pdf\"><img loading=\"lazy\" decoding=\"async\" class=\"alignnone\" src=\"http:\/\/www.ples.co.rs\/slike_index\/ar1.gif\" alt=\"\" width=\"16\" height=\"16\" border=\"0\" \/><\/a> Pravila o za\u0161titi lica &#8211; antidoping<br \/>\n<a href=\"https:\/\/srbijaples.rs\/wp-content\/uploads\/2021\/12\/2021-Pravilnik-nacionalnog-granskog-sportskog-saveza.pdf\"><img loading=\"lazy\" decoding=\"async\" class=\"alignnone\" src=\"http:\/\/www.ples.co.rs\/slike_index\/ar1.gif\" alt=\"\" width=\"16\" height=\"16\" border=\"0\" \/><\/a> Disciplinski pravilnik &#8211; antidoping<br \/>\n<a href=\"https:\/\/srbijaples.rs\/wp-content\/uploads\/2021\/12\/PRAVILNIK-O-NA\u010cINU-EVIDENTIRANJA-ZA\u0160TITE-I-KORI\u0160\u0106ENJA-ELEKTRONSKIH-DOKUMENATA.pdf\"><img loading=\"lazy\" decoding=\"async\" class=\"alignnone\" src=\"http:\/\/www.ples.co.rs\/slike_index\/ar1.gif\" alt=\"\" width=\"16\" height=\"16\" border=\"0\" \/><\/a> Pravilnik o na\u010dinu evidentiranja, za\u0161tite i kori\u0161\u0107enja elektronskih dokumenata<br \/>\n<a href=\"https:\/\/srbijaples.rs\/wp-content\/uploads\/2021\/12\/PRAVILNIK-O-NA\u010cINU-EVIDENTIRANJA-KLASIFIKOVANJA-ARHIVIRANJA-I-\u010cUVANJA-ARHIVSKE-GRA\u0110E-I-DOKUMENTARNOG-MATERIJALA.pdf\"><img loading=\"lazy\" decoding=\"async\" class=\"alignnone\" src=\"http:\/\/www.ples.co.rs\/slike_index\/ar1.gif\" alt=\"\" width=\"16\" height=\"16\" border=\"0\" \/><\/a> Pravilnik o na\u010dinu arhiviranja i \u010duvanja dokumentarnog materijala<br \/>\n<a href=\"https:\/\/srbijaples.rs\/wp-content\/uploads\/2021\/12\/lista-kategorija-dokumentarnog-materijala-sa-rokovima-cuvanja-SAVEZ.pdf\"><img loading=\"lazy\" decoding=\"async\" class=\"alignnone\" src=\"http:\/\/www.ples.co.rs\/slike_index\/ar1.gif\" alt=\"\" width=\"16\" height=\"16\" border=\"0\" \/><\/a> Lista kategorija dokumentarnog materijala sa rokovima \u010duvanja<br \/>\n<a href=\"https:\/\/srbijaples.rs\/wp-content\/uploads\/2024\/02\/Interni-akt-\u0408N.pdf\"><img loading=\"lazy\" decoding=\"async\" class=\"alignnone\" src=\"http:\/\/www.ples.co.rs\/slike_index\/ar1.gif\" alt=\"\" width=\"16\" height=\"16\" border=\"0\" \/><\/a> Interni akt JN<br \/>\n<a href=\"https:\/\/srbijaples.rs\/wp-content\/uploads\/2025\/02\/Plan-upravljanja-rizicima-od-povrede-principa-rodne-ravnopravnosti-Plesni-savez-Srbije.pdf\"><img loading=\"lazy\" decoding=\"async\" class=\"alignnone\" src=\"http:\/\/www.ples.co.rs\/slike_index\/ar1.gif\" alt=\"\" width=\"16\" height=\"16\" border=\"0\" \/><\/a> Plan upravljanja rizicima od povrede principa rodne ravnopravnosti<\/p>\n<p><strong>OGRANI\u010cENI PROGRAMI I DOZVOLJENE FIGURE<\/strong><br \/>\n<a href=\"https:\/\/srbijaples.rs\/wp-content\/uploads\/2022\/08\/Ograniceni_plesni_program.pdf\"><img loading=\"lazy\" decoding=\"async\" class=\"alignnone\" src=\"http:\/\/www.ples.co.rs\/slike_index\/ar1.gif\" alt=\"\" width=\"16\" height=\"16\" border=\"0\" \/><\/a> Ograni\u010deni plesni program &#8211; Po\u010detni nivo + Napredni nivo<\/p>\n<p><strong>OBRASCI<\/strong><br \/>\n<a href=\"https:\/\/srbijaples.rs\/eng\/wp-content\/uploads\/2020\/09\/Molba-za-organizaciju-takmicenja-26.12.2019.doc\"><img loading=\"lazy\" decoding=\"async\" class=\"alignnone\" src=\"http:\/\/www.ples.co.rs\/slike_index\/W.gif\" alt=\"\" width=\"16\" height=\"16\" \/><\/a> Molba za organizaciju takmi\u010denja<br \/>\n<a href=\"https:\/\/srbijaples.rs\/wp-content\/uploads\/2021\/10\/Obrazac-Registracija-takmi\u010dara-DCBAI-razreda-takmi\u010dara-formacijskog-tima-i-takmi\u010dara-profesionalaca-WDSF-PD-i-break-dance.doc\"><img loading=\"lazy\" decoding=\"async\" class=\"alignnone\" src=\"http:\/\/www.ples.co.rs\/slike_index\/W.gif\" alt=\"\" width=\"16\" height=\"16\" \/><\/a> Obrazac registracije takmi\u010dara DCBAI razreda<br \/>\n<a href=\"https:\/\/srbijaples.rs\/wp-content\/uploads\/2021\/10\/Obrazac-Registracija-takmi\u010dara-i-obnova-registracije-takmi\u010dara-po\u010detnog-i-naprednog-nivoa.doc\"><img loading=\"lazy\" decoding=\"async\" class=\"alignnone\" src=\"http:\/\/www.ples.co.rs\/slike_index\/W.gif\" alt=\"\" width=\"16\" height=\"16\" \/><\/a> Obrazac Registracija i Obnova registracija takmi\u010dara po\u010detnog i naprednog nivoa<br \/>\n<a href=\"https:\/\/srbijaples.rs\/wp-content\/uploads\/2021\/10\/Obrazac-Pristupnica-plesnoj-organizaciji.doc\"><img loading=\"lazy\" decoding=\"async\" class=\"alignnone\" src=\"http:\/\/www.ples.co.rs\/slike_index\/W.gif\" alt=\"\" width=\"16\" height=\"16\" \/><\/a> Obrazac pristupnica plesnoj organizaciji<br \/>\n<a href=\"https:\/\/srbijaples.rs\/wp-content\/uploads\/2021\/10\/Obrazac-Pristupnica-Plesnom-savezu-Srbije.doc\"><img loading=\"lazy\" decoding=\"async\" class=\"alignnone\" src=\"http:\/\/www.ples.co.rs\/slike_index\/W.gif\" alt=\"\" width=\"16\" height=\"16\" \/><\/a> Obrazac pristupnica Plesnom savezu Srbije<br \/>\n<a href=\"https:\/\/srbijaples.rs\/wp-content\/uploads\/2021\/10\/Obrazac-Prijava-plesnih-parova.doc\"><img loading=\"lazy\" decoding=\"async\" class=\"alignnone\" src=\"http:\/\/www.ples.co.rs\/slike_index\/W.gif\" alt=\"\" width=\"16\" height=\"16\" \/><\/a> Obrazac prijava plesnih parova<br \/>\n<a href=\"https:\/\/srbijaples.rs\/wp-content\/uploads\/2021\/10\/Obrazac-Prijava-formacijskog-tima.doc\"><img loading=\"lazy\" decoding=\"async\" class=\"alignnone\" src=\"http:\/\/www.ples.co.rs\/slike_index\/W.gif\" alt=\"\" width=\"16\" height=\"16\" \/><\/a> Obrazac prijava formacijskog tima<br \/>\n<a href=\"https:\/\/srbijaples.rs\/wp-content\/uploads\/2021\/10\/Zahtev-za-izdavanje-i-obnovu-Dozvole-za-rad-plesim-strucnjacima-trenerima-26.10.2020.docx\"><img loading=\"lazy\" decoding=\"async\" class=\"alignnone\" src=\"http:\/\/www.ples.co.rs\/slike_index\/W.gif\" alt=\"\" width=\"16\" height=\"16\" \/><\/a> Zahtev za izdavanje i obnovu dozvole za rad plesnim strucnjacima \u2013 trenerima<br \/>\n<a href=\"https:\/\/srbijaples.rs\/wp-content\/uploads\/2021\/10\/Zahtev-za-izdavanje-i-obnovu-Dozvole-za-rad-plesim-strucnjacima-sudijama-26.10.2020.docx\"><img loading=\"lazy\" decoding=\"async\" class=\"alignnone\" src=\"http:\/\/www.ples.co.rs\/slike_index\/W.gif\" alt=\"\" width=\"16\" height=\"16\" \/><\/a> Zahtev za izdavanje i obnovu dozvole za rad plesnim strucnjacima \u2013 sudijama<br \/>\n<a href=\"https:\/\/srbijaples.rs\/wp-content\/uploads\/2021\/10\/UPITNIK-za-knjigu-clanova-fizicko-lice.docx\" data-wp-editing=\"1\"><img loading=\"lazy\" decoding=\"async\" class=\"alignnone\" src=\"http:\/\/www.ples.co.rs\/slike_index\/W.gif\" alt=\"\" width=\"16\" height=\"16\" \/><\/a> Upitnik za knjigu \u010dlanova &#8211; fizi\u010dko lice<br \/>\n<a href=\"https:\/\/srbijaples.rs\/wp-content\/uploads\/2021\/10\/UPITNIK-za-knjigu-clanova.docx\" data-wp-editing=\"1\"><img loading=\"lazy\" decoding=\"async\" class=\"alignnone\" src=\"http:\/\/www.ples.co.rs\/slike_index\/W.gif\" alt=\"\" width=\"16\" height=\"16\" \/><\/a> Upitnik za knjigu \u010dlanova<\/p>\n<p>&nbsp;<\/p>\n<h4>WDSF DOKUMENTA<\/h4>\n<p><a href=\"https:\/\/srbijaples.rs\/eng\/wp-content\/uploads\/2026\/02\/WDSF-Statutes-2025.pdf\"><img loading=\"lazy\" decoding=\"async\" class=\"alignnone\" src=\"http:\/\/www.ples.co.rs\/slike_index\/ar1.gif\" alt=\"\" width=\"16\" height=\"16\" border=\"0\" \/><\/a> WDSF Statutes 2025<br \/>\n<a href=\"https:\/\/srbijaples.rs\/wp-content\/uploads\/2025\/06\/WDSF-Code-on-the-Prevention-of-the-Manipulation-of-Competitions.pdf\"><img loading=\"lazy\" decoding=\"async\" class=\"alignnone\" src=\"http:\/\/www.ples.co.rs\/slike_index\/ar1.gif\" alt=\"\" width=\"16\" height=\"16\" border=\"0\" \/><\/a> WDSF Code on the Prevention of the Manipulation of Competitions<br \/>\n<a href=\"https:\/\/srbijaples.rs\/eng\/wp-content\/uploads\/2026\/02\/WDSF-Competition-Rules-2026.pdf\"><img loading=\"lazy\" decoding=\"async\" class=\"alignnone\" src=\"http:\/\/www.ples.co.rs\/slike_index\/ar1.gif\" alt=\"\" width=\"16\" height=\"16\" border=\"0\" \/><\/a> WDSF Competition Rules 2026<br \/>\n<a href=\"https:\/\/srbijaples.rs\/wp-content\/uploads\/2025\/06\/WDSF-Code-of-Ethics.pdf\"><img loading=\"lazy\" decoding=\"async\" class=\"alignnone\" src=\"http:\/\/www.ples.co.rs\/slike_index\/ar1.gif\" alt=\"\" width=\"16\" height=\"16\" border=\"0\" \/><\/a> WDSF Code of Ethics<\/p>\n<h4>BILTEN<\/h4>\n<p><a href=\"https:\/\/srbijaples.rs\/eng\/wp-content\/uploads\/2021\/01\/plesni-savez-srbije-bilten-2021-01-28-web-pages..pdf\"><img loading=\"lazy\" decoding=\"async\" class=\"alignnone\" src=\"http:\/\/www.ples.co.rs\/slike_index\/ar1.gif\" alt=\"\" width=\"16\" height=\"16\" border=\"0\" \/><\/a> Bilten 2019-2020.<\/p>\n<\/div><div class=\"fusion-clearfix\"><\/div>\n\n\t\t\t\t\t<\/div>\n\t\t\t\t<\/div><\/div><\/div>\n","protected":false},"excerpt":{"rendered":"","protected":false},"author":1,"featured_media":0,"parent":0,"menu_order":0,"comment_status":"closed","ping_status":"closed","template":"","meta":{"footnotes":""},"class_list":["post-2","page","type-page","status-publish","hentry"],"_links":{"self":[{"href":"https:\/\/srbijaples.rs\/eng\/wp-json\/wp\/v2\/pages\/2","targetHints":{"allow":["GET"]}}],"collection":[{"href":"https:\/\/srbijaples.rs\/eng\/wp-json\/wp\/v2\/pages"}],"about":[{"href":"https:\/\/srbijaples.rs\/eng\/wp-json\/wp\/v2\/types\/page"}],"author":[{"embeddable":true,"href":"https:\/\/srbijaples.rs\/eng\/wp-json\/wp\/v2\/users\/1"}],"replies":[{"embeddable":true,"href":"https:\/\/srbijaples.rs\/eng\/wp-json\/wp\/v2\/comments?post=2"}],"version-history":[{"count":108,"href":"https:\/\/srbijaples.rs\/eng\/wp-json\/wp\/v2\/pages\/2\/revisions"}],"predecessor-version":[{"id":2091,"href":"https:\/\/srbijaples.rs\/eng\/wp-json\/wp\/v2\/pages\/2\/revisions\/2091"}],"wp:attachment":[{"href":"https:\/\/srbijaples.rs\/eng\/wp-json\/wp\/v2\/media?parent=2"}],"curies":[{"name":"wp","href":"https:\/\/api.w.org\/{rel}","templated":true}]}}